{"id":51,"date":"2025-06-23T13:46:24","date_gmt":"2025-06-23T13:46:24","guid":{"rendered":"https:\/\/faebyjojo.com\/?page_id=51"},"modified":"2026-03-29T18:57:11","modified_gmt":"2026-03-29T17:57:11","slug":"faq","status":"publish","type":"page","link":"https:\/\/faebyjojo.com\/hr\/faq\/","title":{"rendered":"Pitanja"},"content":{"rendered":"<section class=\"section dark\" id=\"section_209093746\">\n\t\t<div class=\"section-bg fill\" >\n\t\t\t<img loading=\"lazy\" decoding=\"async\" width=\"1080\" height=\"720\" src=\"https:\/\/faebyjojo.com\/wp-content\/uploads\/2026\/03\/fae_by_jojo_qa.png\" class=\"bg attachment- size-\" alt=\"\" \/>\t\t\t\t\t\t<div class=\"section-bg-overlay absolute fill\"><\/div>\n\t\t\t\n\n\t\t<\/div>\n\n\t\t\n\n\t\t<div class=\"section-content relative\">\n\t\t\t\n\n<div class=\"row\"  id=\"row-338423863\">\n\n\n\t<div id=\"col-875277009\" class=\"col small-12 large-12\"  >\n\t\t\t\t<div class=\"col-inner\"  >\n\t\t\t\n\t\t\t\n\n\t<div id=\"gap-522885666\" class=\"gap-element clearfix\" style=\"display:block; height:auto;\">\n\t\t\n<style>\n#gap-522885666 {\n  padding-top: 30px;\n}\n<\/style>\n\t<\/div>\n\t\n\n\t<div id=\"text-2539269126\" class=\"text\">\n\t\t\n\n<h1>Pitanja<\/h1>\n<div id=\"gtx-trans\" style=\"position: absolute; left: 80px; top: -6.19444px;\">\n<div class=\"gtx-trans-icon\">\u00a0<\/div>\n<\/div>\n\t\t\n<style>\n#text-2539269126 {\n  font-size: 1.6rem;\n  text-align: center;\n}\n<\/style>\n\t<\/div>\n\t\n\n\t\t<\/div>\n\t\t\t\t\t<\/div>\n\n\t\n\n<\/div>\n\n\t\t<\/div>\n\n\t\t\n<style>\n#section_209093746 {\n  padding-top: 30px;\n  padding-bottom: 30px;\n  min-height: 350px;\n}\n#section_209093746 .section-bg-overlay {\n  background-color: rgba(0, 0, 0, 0.25);\n}\n<\/style>\n\t<\/section>\n\t\n\n\t<section class=\"section\" id=\"section_458381054\">\n\t\t<div class=\"section-bg fill\" >\n\t\t\t\t\t\t\t\t\t\n\t\t\t\n\n\t\t<\/div>\n\n\t\t\n\n\t\t<div class=\"section-content relative\">\n\t\t\t\n\n<div class=\"row align-center\"  id=\"row-690980030\">\n\n\n\t<div id=\"col-252251744\" class=\"col medium-10 small-12 large-3\"  >\n\t\t\t\t<div class=\"col-inner\"  >\n\t\t\t\n\t\t\t\n\n<h3>Igraonica<\/h3>\n\n\t\t<\/div>\n\t\t\t\t\t<\/div>\n\n\t\n\n\t<div id=\"col-1096214048\" class=\"col medium-10 small-12 large-6\"  >\n\t\t\t\t<div class=\"col-inner\"  >\n\t\t\t\n\t\t\t\n\n<div class=\"accordion\">\n\n\t<div id=\"accordion-3049436837\" class=\"accordion-item\">\n\t\t<a id=\"accordion-3049436837-label\" class=\"accordion-title plain\" href=\"#accordion-item-what-age-is-fae-by-jojo-for?\" aria-expanded=\"false\" aria-controls=\"accordion-3049436837-content\">\n\t\t\t<button class=\"toggle\" aria-label=\"Toggle\"><i class=\"icon-angle-down\" aria-hidden=\"true\"><\/i><\/button>\n\t\t\t<span>Za koju dob je Fae by Jojo?<\/span>\n\t\t<\/a>\n\t\t<div id=\"accordion-3049436837-content\" class=\"accordion-inner\" aria-labelledby=\"accordion-3049436837-label\">\n\t\t\t\n\n<p>Na\u0161a igraonica je mjesto za djecu <strong>od 3 do 10 godina<\/strong>, gdje svako dijete mo\u017ee biti junak svoje pri\u010de, ma\u0161tati i stvarati male velike avanture.<\/p>\n\n\t\t<\/div>\n\t<\/div>\n\t\n\t<div id=\"accordion-3210073923\" class=\"accordion-item\">\n\t\t<a id=\"accordion-3210073923-label\" class=\"accordion-title plain\" href=\"#accordion-item-how-long-does-a-birthday-last?\" aria-expanded=\"false\" aria-controls=\"accordion-3210073923-content\">\n\t\t\t<button class=\"toggle\" aria-label=\"Toggle\"><i class=\"icon-angle-down\" aria-hidden=\"true\"><\/i><\/button>\n\t\t\t<span>Koliko traje  ro\u0111endan?<\/span>\n\t\t<\/a>\n\t\t<div id=\"accordion-3210073923-content\" class=\"accordion-inner\" aria-labelledby=\"accordion-3210073923-label\">\n\t\t\t\n\n<p>Svaka bajka kod nas traje <strong>2.5 sata<\/strong> \u2013 dovoljno vremena za igre, smijeh, avanture i stvaranje uspomena koje ostaju zauvijek.<\/p>\n<div id=\"gtx-trans\" style=\"position: absolute; left: 233px; top: 33.3906px;\">\n<div class=\"gtx-trans-icon\">\u00a0<\/div>\n<\/div>\n\n\t\t<\/div>\n\t<\/div>\n\t\n\t<div id=\"accordion-3490272554\" class=\"accordion-item\">\n\t\t<a id=\"accordion-3490272554-label\" class=\"accordion-title plain\" href=\"#accordion-item-who-leads-our-little-heroes?\" aria-expanded=\"false\" aria-controls=\"accordion-3490272554-content\">\n\t\t\t<button class=\"toggle\" aria-label=\"Toggle\"><i class=\"icon-angle-down\" aria-hidden=\"true\"><\/i><\/button>\n\t\t\t<span>Tko vodi na\u0161e male junake?<\/span>\n\t\t<\/a>\n\t\t<div id=\"accordion-3490272554-content\" class=\"accordion-inner\" aria-labelledby=\"accordion-3490272554-label\">\n\t\t\t\n\n<p>U bajkovitom svijetu, <strong>profesionalni animatori<\/strong> vode djecu kroz igre, izazove i male \u010darobne zadatke, paze\u0107i da svaka avantura bude sigurna i zabavna.<\/p>\n<div id=\"gtx-trans\" style=\"position: absolute; left: 285px; top: 33.3906px;\">\n<div class=\"gtx-trans-icon\">\u00a0<\/div>\n<\/div>\n\n\t\t<\/div>\n\t<\/div>\n\t\n\t<div id=\"accordion-1199013940\" class=\"accordion-item\">\n\t\t<a id=\"accordion-1199013940-label\" class=\"accordion-title plain\" href=\"#accordion-item-what&#039;s-hidden-in-the-playroom?\" aria-expanded=\"false\" aria-controls=\"accordion-1199013940-content\">\n\t\t\t<button class=\"toggle\" aria-label=\"Toggle\"><i class=\"icon-angle-down\" aria-hidden=\"true\"><\/i><\/button>\n\t\t\t<span>\u0160to se sve krije u igraonici?<\/span>\n\t\t<\/a>\n\t\t<div id=\"accordion-1199013940-content\" class=\"accordion-inner\" aria-labelledby=\"accordion-1199013940-label\">\n\t\t\t\n\n<p>U na\u0161oj \u0161umi \u010duda, <strong>\u010dekaju  igra\u010dke<\/strong> koje poti\u010du <strong>ma\u0161tu i igru uloga<\/strong> .<br \/>Tu je i <strong>napuhanac<\/strong>, <strong>loptice i razni kostimi<\/strong>, za trenutke kada svako dijete mo\u017ee postati netko sasvim drugi.<br \/>A dio \u010darolije\u2026ostavljamo kao slatko iznena\u0111enje \ud83d\ude09\u2728<\/p>\n<div id=\"gtx-trans\" style=\"position: absolute; left: 371px; top: 10.4px;\">\n<div class=\"gtx-trans-icon\">\u00a0<\/div>\n<\/div>\n\n\t\t<\/div>\n\t<\/div>\n\t\n\t<div id=\"accordion-3578782762\" class=\"accordion-item\">\n\t\t<a id=\"accordion-3578782762-label\" class=\"accordion-title plain\" href=\"#accordion-item-what-is-included-in-the-magic-ticket?\" aria-expanded=\"false\" aria-controls=\"accordion-3578782762-content\">\n\t\t\t<button class=\"toggle\" aria-label=\"Toggle\"><i class=\"icon-angle-down\" aria-hidden=\"true\"><\/i><\/button>\n\t\t\t<span>\u0160to je uklju\u010deno u ulaznicu za \u010daroliju?<\/span>\n\t\t<\/a>\n\t\t<div id=\"accordion-3578782762-content\" class=\"accordion-inner\" aria-labelledby=\"accordion-3578782762-label\">\n\t\t\t\n\n<p>U cijenu su uklju\u010deni <strong>pi\u0107e i grickalice za male \u010darobnjake<\/strong>, animacija, kori\u0161tenje prostora i kompletna organizacija ro\u0111endanske avanture,protuklizne \u010darapice i puno znoja i smijeha od strane djece.<\/p>\n<div id=\"gtx-trans\" style=\"position: absolute; left: 361px; top: -11.2px;\">\n<div class=\"gtx-trans-icon\">\u00a0<\/div>\n<\/div>\n\n\t\t<\/div>\n\t<\/div>\n\t\n\t<div id=\"accordion-3398231187\" class=\"accordion-item\">\n\t\t<a id=\"accordion-3398231187-label\" class=\"accordion-title plain\" href=\"#accordion-item-how-to-reserve-a-place-in-this-fairy-tale?\" aria-expanded=\"false\" aria-controls=\"accordion-3398231187-content\">\n\t\t\t<button class=\"toggle\" aria-label=\"Toggle\"><i class=\"icon-angle-down\" aria-hidden=\"true\"><\/i><\/button>\n\t\t\t<span>Kako rezervirati mjesto u ovoj bajci?<\/span>\n\t\t<\/a>\n\t\t<div id=\"accordion-3398231187-content\" class=\"accordion-inner\" aria-labelledby=\"accordion-3398231187-label\">\n\t\t\t\n\n<p>Rezervacije se vr\u0161e\u00a0<a href=\"\/hr\/birthdays\/\"><strong>putem na\u0161e web stranice<\/strong><\/a>, a nakon potvrde \u010deka vas pravi magi\u010dni dan.<\/p>\n<div id=\"gtx-trans\" style=\"position: absolute; left: 277px; top: -11.2px;\">\n<div class=\"gtx-trans-icon\">\u00a0<\/div>\n<\/div>\n\n\t\t<\/div>\n\t<\/div>\n\t\n\t<div id=\"accordion-2050880136\" class=\"accordion-item\">\n\t\t<a id=\"accordion-2050880136-label\" class=\"accordion-title plain\" href=\"#accordion-item-what-about-payments?\" aria-expanded=\"false\" aria-controls=\"accordion-2050880136-content\">\n\t\t\t<button class=\"toggle\" aria-label=\"Toggle\"><i class=\"icon-angle-down\" aria-hidden=\"true\"><\/i><\/button>\n\t\t\t<span>\u0160to je s uplatama?<\/span>\n\t\t<\/a>\n\t\t<div id=\"accordion-2050880136-content\" class=\"accordion-inner\" aria-labelledby=\"accordion-2050880136-label\">\n\t\t\t\n\n<p>Prilikom rezervacije upla\u0107uje se <strong>akontacija<\/strong> , <strong>a ostatak pla\u0107anja ide nakon ro\u0111endana<\/strong>, da sve te\u010de glatko.<\/p>\n<div id=\"gtx-trans\" style=\"position: absolute; left: 151px; top: 55.4px;\">\n<div class=\"gtx-trans-icon\">\u00a0<\/div>\n<\/div>\n\n\t\t<\/div>\n\t<\/div>\n\t\n\t<div id=\"accordion-3627536479\" class=\"accordion-item\">\n\t\t<a id=\"accordion-3627536479-label\" class=\"accordion-title plain\" href=\"#accordion-item-are-parents-allowed-to-visit-our-fairy-tale-playroom?\" aria-expanded=\"false\" aria-controls=\"accordion-3627536479-content\">\n\t\t\t<button class=\"toggle\" aria-label=\"Toggle\"><i class=\"icon-angle-down\" aria-hidden=\"true\"><\/i><\/button>\n\t\t\t<span>Smiju li roditelji posjetiti na\u0161u bajkovitu igraonu?<\/span>\n\t\t<\/a>\n\t\t<div id=\"accordion-3627536479-content\" class=\"accordion-inner\" aria-labelledby=\"accordion-3627536479-label\">\n\t\t\t\n\n<p>Naravno! Roditelji <strong>mogu ostati ili se vratiti po dogovoru<\/strong>, a sve dok se \u010darolija odvija, sigurni ste da su mali junaci u dobrim rukama.<\/p>\n<div id=\"gtx-trans\" style=\"position: absolute; left: 337px; top: -11.2px;\">\n<div class=\"gtx-trans-icon\">\u00a0<\/div>\n<\/div>\n\n\t\t<\/div>\n\t<\/div>\n\t\n\t<div id=\"accordion-1347580508\" class=\"accordion-item\">\n\t\t<a id=\"accordion-1347580508-label\" class=\"accordion-title plain\" href=\"#accordion-item-can-we-bring-our-own-cake?\" aria-expanded=\"false\" aria-controls=\"accordion-1347580508-content\">\n\t\t\t<button class=\"toggle\" aria-label=\"Toggle\"><i class=\"icon-angle-down\" aria-hidden=\"true\"><\/i><\/button>\n\t\t\t<span>Mo\u017eemo li donijeti vlastitu tortu?<\/span>\n\t\t<\/a>\n\t\t<div id=\"accordion-1347580508-content\" class=\"accordion-inner\" aria-labelledby=\"accordion-1347580508-label\">\n\t\t\t\n\n<p>Da! Vlastita torta je dobrodo\u0161la, <strong>ali mora biti kupljena u registriranoj trgovini ili slasti\u010darnici i imati etiketu<\/strong>kako bi na\u0161i mali \u010darobnjaci u\u017eivali sigurno i bez brige.<\/p>\n<div id=\"gtx-trans\" style=\"position: absolute; left: 197px; top: 55.4px;\">\n<div class=\"gtx-trans-icon\">\u00a0<\/div>\n<\/div>\n\n\t\t<\/div>\n\t<\/div>\n\t\n\t<div id=\"accordion-2120870801\" class=\"accordion-item\">\n\t\t<a id=\"accordion-2120870801-label\" class=\"accordion-title plain\" href=\"#accordion-item-is-the-playroom-closed-to-other-guests-during-birthday-parties?\" aria-expanded=\"false\" aria-controls=\"accordion-2120870801-content\">\n\t\t\t<button class=\"toggle\" aria-label=\"Toggle\"><i class=\"icon-angle-down\" aria-hidden=\"true\"><\/i><\/button>\n\t\t\t<span>Je li igraonica zatvorena za druge goste tijekom ro\u0111endana?<\/span>\n\t\t<\/a>\n\t\t<div id=\"accordion-2120870801-content\" class=\"accordion-inner\" aria-labelledby=\"accordion-2120870801-label\">\n\t\t\t\n\n<p>Da, za vrijeme va\u0161e bajke prostor je rezerviran <strong>isklju\u010divo za slavljenika i njegove goste<\/strong>.<\/p>\n<div id=\"gtx-trans\" style=\"position: absolute; left: 19px; top: 55.4px;\">\n<div class=\"gtx-trans-icon\">\u00a0<\/div>\n<\/div>\n\n\t\t<\/div>\n\t<\/div>\n\t\n\t<div id=\"accordion-2926524634\" class=\"accordion-item\">\n\t\t<a id=\"accordion-2926524634-label\" class=\"accordion-title plain\" href=\"#accordion-item-what-if-the-child-has-special-needs-or-allergies?\" aria-expanded=\"false\" aria-controls=\"accordion-2926524634-content\">\n\t\t\t<button class=\"toggle\" aria-label=\"Toggle\"><i class=\"icon-angle-down\" aria-hidden=\"true\"><\/i><\/button>\n\t\t\t<span>\u0160to ako dijete ima posebne potrebe ili alergije?<\/span>\n\t\t<\/a>\n\t\t<div id=\"accordion-2926524634-content\" class=\"accordion-inner\" aria-labelledby=\"accordion-2926524634-label\">\n\t\t\t\n\n<p>Obavijestite nas unaprijed \u2013 rado \u0107emo prilagoditi aktivnosti kako bi se svaka \u010darolija odvijala sigurno i s osmijehom.<\/p>\n<div id=\"gtx-trans\" style=\"position: absolute; left: 271px; top: 55.4px;\">\n<div class=\"gtx-trans-icon\">\u00a0<\/div>\n<\/div>\n\n\t\t<\/div>\n\t<\/div>\n\t\n\t<div id=\"accordion-43674550\" class=\"accordion-item\">\n\t\t<a id=\"accordion-43674550-label\" class=\"accordion-title plain\" href=\"#accordion-item-spell-cancellation-rules?\" aria-expanded=\"false\" aria-controls=\"accordion-43674550-content\">\n\t\t\t<button class=\"toggle\" aria-label=\"Toggle\"><i class=\"icon-angle-down\" aria-hidden=\"true\"><\/i><\/button>\n\t\t\t<span>Pravila otkazivanja \u010darolije?<\/span>\n\t\t<\/a>\n\t\t<div id=\"accordion-43674550-content\" class=\"accordion-inner\" aria-labelledby=\"accordion-43674550-label\">\n\t\t\t\n\n<p>Otkazivanje je <strong>besplatno ako se izvr\u0161i najmanje 5 dana prije ro\u0111endana<\/strong>.<br \/>Ako se otkaz dogodi u roku kra\u0107em od 5 dana, <strong>zadr\u017eava se akontacija u iznosu od 50 \u20ac<\/strong>.<\/p>\n<div id=\"gtx-trans\" style=\"position: absolute; left: 259px; top: 77px;\">\n<div class=\"gtx-trans-icon\">\u00a0<\/div>\n<\/div>\n\n\t\t<\/div>\n\t<\/div>\n\t\n\t<div id=\"accordion-1915307803\" class=\"accordion-item\">\n\t\t<a id=\"accordion-1915307803-label\" class=\"accordion-title plain\" href=\"#accordion-item-do-you-have-any-additional-questions?\" aria-expanded=\"false\" aria-controls=\"accordion-1915307803-content\">\n\t\t\t<button class=\"toggle\" aria-label=\"Toggle\"><i class=\"icon-angle-down\" aria-hidden=\"true\"><\/i><\/button>\n\t\t\t<span>Imate li dodatnih pitanja?<\/span>\n\t\t<\/a>\n\t\t<div id=\"accordion-1915307803-content\" class=\"accordion-inner\" aria-labelledby=\"accordion-1915307803-label\">\n\t\t\t\n\n<p>Za sva dodatna pitanja \u010darolije, slobodno nas kontaktirajte na <strong>+385 91 344 4764<\/strong> - uvijek smo tu za male i velike \u010darobnjake \ud83c\udf38\u2728<\/p>\n<div id=\"gtx-trans\" style=\"position: absolute; left: 27px; top: 55.4px;\">\n<div class=\"gtx-trans-icon\">\u00a0<\/div>\n<\/div>\n\n\t\t<\/div>\n\t<\/div>\n\t\n\n<\/div>\n\n\t\t<\/div>\n\t\t\t\t\t<\/div>\n\n\t\n\n<\/div>\n\n\n\n\n\t\t<\/div>\n\n\t\t\n<style>\n#section_458381054 {\n  padding-top: 60px;\n  padding-bottom: 60px;\n  background-color: rgb(255,255,255);\n}\n<\/style>\n\t<\/section>\n\t\n\n\t<section class=\"section\" id=\"section_663972119\">\n\t\t<div class=\"section-bg fill\" >\n\t\t\t\t\t\t\t\t\t\n\t\t\t\n\n\t\t<\/div>\n\n\t\t\n\n\t\t<div class=\"section-content relative\">\n\t\t\t\n\n<div class=\"row row-collapse align-center\"  id=\"row-1595194983\">\n\n\n\t<div id=\"col-357589715\" class=\"col medium-10 small-12 large-8\"  >\n\t\t\t\t<div class=\"col-inner text-center\"  >\n\t\t\t\n\t\t\t\n\n<h1>NISTE MOGLI PRONA\u0106I SVOJ ODGOVOR?<\/h1>\n<p class=\"lead\">Tu smo da vam pomognemo. Ako niste prona\u0161li informacije koje tra\u017eite, obratite nam se izravno. Na\u0161 tim vam rado stoji na raspolaganju.<\/p>\n<div id=\"gtx-trans\" style=\"position: absolute; left: -38px; top: -6.19444px;\">\n<div class=\"gtx-trans-icon\">\u00a0<\/div>\n<\/div>\n<a href=\"\/hr\/contact\/\" class=\"button primary\" style=\"border-radius:99px;\">\n\t\t<span>Kontaktirajte nas<\/span>\n\t<\/a>\n\n\n\n\t\t<\/div>\n\t\t\t\t\t<\/div>\n\n\t\n\n<\/div>\n\n\t\t<\/div>\n\n\t\t\n<style>\n#section_663972119 {\n  padding-top: 100px;\n  padding-bottom: 100px;\n}\n@media (min-width:550px) {\n  #section_663972119 {\n    padding-top: 80px;\n    padding-bottom: 80px;\n  }\n}\n<\/style>\n\t<\/section>","protected":false},"excerpt":{"rendered":"","protected":false},"author":1,"featured_media":0,"parent":0,"menu_order":0,"comment_status":"closed","ping_status":"closed","template":"","meta":{"_joinchat":[],"footnotes":""},"class_list":["post-51","page","type-page","status-publish","hentry"],"yoast_head":"<!-- This site is optimized with the Yoast SEO plugin v27.3 - https:\/\/yoast.com\/product\/yoast-seo-wordpress\/ -->\n<title>FAQ - Fae by Jojo<\/title>\n<meta name=\"robots\" content=\"index, follow, max-snippet:-1, max-image-preview:large, max-video-preview:-1\" \/>\n<link rel=\"canonical\" href=\"https:\/\/faebyjojo.com\/hr\/faq\/\" \/>\n<meta property=\"og:locale\" content=\"hr_HR\" \/>\n<meta property=\"og:type\" content=\"article\" \/>\n<meta property=\"og:title\" content=\"FAQ - Fae by Jojo\" \/>\n<meta property=\"og:url\" content=\"https:\/\/faebyjojo.com\/hr\/faq\/\" \/>\n<meta property=\"og:site_name\" content=\"Fae by Jojo\" \/>\n<meta property=\"article:modified_time\" content=\"2026-03-29T17:57:11+00:00\" \/>\n<meta property=\"og:image\" content=\"https:\/\/faebyjojo.com\/wp-content\/uploads\/2025\/06\/logo.png\" \/>\n\t<meta property=\"og:image:width\" content=\"1024\" \/>\n\t<meta property=\"og:image:height\" content=\"1024\" \/>\n\t<meta property=\"og:image:type\" content=\"image\/png\" \/>\n<meta name=\"twitter:card\" content=\"summary_large_image\" \/>\n<script type=\"application\/ld+json\" class=\"yoast-schema-graph\">{\"@context\":\"https:\\\/\\\/schema.org\",\"@graph\":[{\"@type\":\"WebPage\",\"@id\":\"https:\\\/\\\/faebyjojo.com\\\/faq\\\/\",\"url\":\"https:\\\/\\\/faebyjojo.com\\\/faq\\\/\",\"name\":\"FAQ - Fae by Jojo\",\"isPartOf\":{\"@id\":\"https:\\\/\\\/faebyjojo.com\\\/#website\"},\"datePublished\":\"2025-06-23T13:46:24+00:00\",\"dateModified\":\"2026-03-29T17:57:11+00:00\",\"breadcrumb\":{\"@id\":\"https:\\\/\\\/faebyjojo.com\\\/faq\\\/#breadcrumb\"},\"inLanguage\":\"hr\",\"potentialAction\":[{\"@type\":\"ReadAction\",\"target\":[\"https:\\\/\\\/faebyjojo.com\\\/faq\\\/\"]}]},{\"@type\":\"BreadcrumbList\",\"@id\":\"https:\\\/\\\/faebyjojo.com\\\/faq\\\/#breadcrumb\",\"itemListElement\":[{\"@type\":\"ListItem\",\"position\":1,\"name\":\"Home\",\"item\":\"https:\\\/\\\/faebyjojo.com\\\/\"},{\"@type\":\"ListItem\",\"position\":2,\"name\":\"FAQ\"}]},{\"@type\":\"WebSite\",\"@id\":\"https:\\\/\\\/faebyjojo.com\\\/#website\",\"url\":\"https:\\\/\\\/faebyjojo.com\\\/\",\"name\":\"FaeByJojo\",\"description\":\"Where fairy tales begin\",\"publisher\":{\"@id\":\"https:\\\/\\\/faebyjojo.com\\\/#organization\"},\"alternateName\":\"fae by jojo\",\"potentialAction\":[{\"@type\":\"SearchAction\",\"target\":{\"@type\":\"EntryPoint\",\"urlTemplate\":\"https:\\\/\\\/faebyjojo.com\\\/?s={search_term_string}\"},\"query-input\":{\"@type\":\"PropertyValueSpecification\",\"valueRequired\":true,\"valueName\":\"search_term_string\"}}],\"inLanguage\":\"hr\"},{\"@type\":\"Organization\",\"@id\":\"https:\\\/\\\/faebyjojo.com\\\/#organization\",\"name\":\"FaeByJojo\",\"alternateName\":\"fae by jojo\",\"url\":\"https:\\\/\\\/faebyjojo.com\\\/\",\"logo\":{\"@type\":\"ImageObject\",\"inLanguage\":\"hr\",\"@id\":\"https:\\\/\\\/faebyjojo.com\\\/#\\\/schema\\\/logo\\\/image\\\/\",\"url\":\"https:\\\/\\\/faebyjojo.com\\\/wp-content\\\/uploads\\\/2025\\\/06\\\/logo.png\",\"contentUrl\":\"https:\\\/\\\/faebyjojo.com\\\/wp-content\\\/uploads\\\/2025\\\/06\\\/logo.png\",\"width\":1024,\"height\":1024,\"caption\":\"FaeByJojo\"},\"image\":{\"@id\":\"https:\\\/\\\/faebyjojo.com\\\/#\\\/schema\\\/logo\\\/image\\\/\"}}]}<\/script>\n<!-- \/ Yoast SEO plugin. -->","yoast_head_json":{"title":"FAQ - Fae by Jojo","robots":{"index":"index","follow":"follow","max-snippet":"max-snippet:-1","max-image-preview":"max-image-preview:large","max-video-preview":"max-video-preview:-1"},"canonical":"https:\/\/faebyjojo.com\/hr\/faq\/","og_locale":"hr_HR","og_type":"article","og_title":"FAQ - Fae by Jojo","og_url":"https:\/\/faebyjojo.com\/hr\/faq\/","og_site_name":"Fae by Jojo","article_modified_time":"2026-03-29T17:57:11+00:00","og_image":[{"width":1024,"height":1024,"url":"https:\/\/faebyjojo.com\/wp-content\/uploads\/2025\/06\/logo.png","type":"image\/png"}],"twitter_card":"summary_large_image","schema":{"@context":"https:\/\/schema.org","@graph":[{"@type":"WebPage","@id":"https:\/\/faebyjojo.com\/faq\/","url":"https:\/\/faebyjojo.com\/faq\/","name":"FAQ - Fae by Jojo","isPartOf":{"@id":"https:\/\/faebyjojo.com\/#website"},"datePublished":"2025-06-23T13:46:24+00:00","dateModified":"2026-03-29T17:57:11+00:00","breadcrumb":{"@id":"https:\/\/faebyjojo.com\/faq\/#breadcrumb"},"inLanguage":"hr","potentialAction":[{"@type":"ReadAction","target":["https:\/\/faebyjojo.com\/faq\/"]}]},{"@type":"BreadcrumbList","@id":"https:\/\/faebyjojo.com\/faq\/#breadcrumb","itemListElement":[{"@type":"ListItem","position":1,"name":"Home","item":"https:\/\/faebyjojo.com\/"},{"@type":"ListItem","position":2,"name":"FAQ"}]},{"@type":"WebSite","@id":"https:\/\/faebyjojo.com\/#website","url":"https:\/\/faebyjojo.com\/","name":"FaeByJojo","description":"Where fairy tales begin","publisher":{"@id":"https:\/\/faebyjojo.com\/#organization"},"alternateName":"fae by jojo","potentialAction":[{"@type":"SearchAction","target":{"@type":"EntryPoint","urlTemplate":"https:\/\/faebyjojo.com\/?s={search_term_string}"},"query-input":{"@type":"PropertyValueSpecification","valueRequired":true,"valueName":"search_term_string"}}],"inLanguage":"hr"},{"@type":"Organization","@id":"https:\/\/faebyjojo.com\/#organization","name":"FaeByJojo","alternateName":"fae by jojo","url":"https:\/\/faebyjojo.com\/","logo":{"@type":"ImageObject","inLanguage":"hr","@id":"https:\/\/faebyjojo.com\/#\/schema\/logo\/image\/","url":"https:\/\/faebyjojo.com\/wp-content\/uploads\/2025\/06\/logo.png","contentUrl":"https:\/\/faebyjojo.com\/wp-content\/uploads\/2025\/06\/logo.png","width":1024,"height":1024,"caption":"FaeByJojo"},"image":{"@id":"https:\/\/faebyjojo.com\/#\/schema\/logo\/image\/"}}]}},"_links":{"self":[{"href":"https:\/\/faebyjojo.com\/hr\/wp-json\/wp\/v2\/pages\/51","targetHints":{"allow":["GET"]}}],"collection":[{"href":"https:\/\/faebyjojo.com\/hr\/wp-json\/wp\/v2\/pages"}],"about":[{"href":"https:\/\/faebyjojo.com\/hr\/wp-json\/wp\/v2\/types\/page"}],"author":[{"embeddable":true,"href":"https:\/\/faebyjojo.com\/hr\/wp-json\/wp\/v2\/users\/1"}],"replies":[{"embeddable":true,"href":"https:\/\/faebyjojo.com\/hr\/wp-json\/wp\/v2\/comments?post=51"}],"version-history":[{"count":18,"href":"https:\/\/faebyjojo.com\/hr\/wp-json\/wp\/v2\/pages\/51\/revisions"}],"predecessor-version":[{"id":906,"href":"https:\/\/faebyjojo.com\/hr\/wp-json\/wp\/v2\/pages\/51\/revisions\/906"}],"wp:attachment":[{"href":"https:\/\/faebyjojo.com\/hr\/wp-json\/wp\/v2\/media?parent=51"}],"curies":[{"name":"wp","href":"https:\/\/api.w.org\/{rel}","templated":true}]}}